{"id":210,"date":"2021-08-09T22:21:51","date_gmt":"2021-08-09T13:21:51","guid":{"rendered":"https:\/\/www.edocul.com\/?page_id=210"},"modified":"2022-07-25T12:59:48","modified_gmt":"2022-07-25T03:59:48","slug":"student","status":"publish","type":"page","link":"https:\/\/www.edocul.com\/vi\/schoollife\/student\/","title":{"rendered":"C\u1ea3m nh\u1eadn c\u1ee7a h\u1ecdc vi\u00ean \u0111ang theo h\u1ecdc v\u00e0 h\u1ecdc vi\u00ean \u0111\u00e3 t\u1ed1t nghi\u1ec7p"},"content":{"rendered":"","protected":false},"excerpt":{"rendered":"","protected":false},"author":1,"featured_media":0,"parent":165,"menu_order":14,"comment_status":"closed","ping_status":"closed","template":"","meta":[],"_links":{"self":[{"href":"https:\/\/www.edocul.com\/vi\/wp-json\/wp\/v2\/pages\/210"}],"collection":[{"href":"https:\/\/www.edocul.com\/vi\/wp-json\/wp\/v2\/pages"}],"about":[{"href":"https:\/\/www.edocul.com\/vi\/wp-json\/wp\/v2\/types\/page"}],"author":[{"embeddable":true,"href":"https:\/\/www.edocul.com\/vi\/wp-json\/wp\/v2\/users\/1"}],"replies":[{"embeddable":true,"href":"https:\/\/www.edocul.com\/vi\/wp-json\/wp\/v2\/comments?post=210"}],"version-history":[{"count":13,"href":"https:\/\/www.edocul.com\/vi\/wp-json\/wp\/v2\/pages\/210\/revisions"}],"predecessor-version":[{"id":1156,"href":"https:\/\/www.edocul.com\/vi\/wp-json\/wp\/v2\/pages\/210\/revisions\/1156"}],"up":[{"embeddable":true,"href":"https:\/\/www.edocul.com\/vi\/wp-json\/wp\/v2\/pages\/165"}],"wp:attachment":[{"href":"https:\/\/www.edocul.com\/vi\/wp-json\/wp\/v2\/media?parent=210"}],"curies":[{"name":"wp","href":"https:\/\/api.w.org\/{rel}","templated":true}]}}