{"id":105,"date":"2021-08-08T02:28:18","date_gmt":"2021-08-07T17:28:18","guid":{"rendered":"https:\/\/www.edocul.com\/?page_id=105"},"modified":"2022-06-28T12:44:00","modified_gmt":"2022-06-28T03:44:00","slug":"form","status":"publish","type":"page","link":"https:\/\/www.edocul.com\/vi\/question\/form\/","title":{"rendered":"Th\u00f4ng tin li\u00ean h\u1ec7"},"content":{"rendered":"<div role=\"form\" class=\"wpcf7\" id=\"wpcf7-f162-o1\" lang=\"ja\" dir=\"ltr\">\n<div class=\"screen-reader-response\"><p role=\"status\" aria-live=\"polite\" aria-atomic=\"true\"><\/p> <ul><\/ul><\/div>\n<form action=\"\/vi\/wp-json\/wp\/v2\/pages\/105#wpcf7-f162-o1\" method=\"post\" class=\"wpcf7-form init\" novalidate=\"novalidate\" data-status=\"init\">\n<div style=\"display: none;\">\n<input type=\"hidden\" name=\"_wpcf7\" value=\"162\" \/>\n<input type=\"hidden\" name=\"_wpcf7_version\" value=\"5.4.2\" \/>\n<input type=\"hidden\" name=\"_wpcf7_locale\" value=\"ja\" \/>\n<input type=\"hidden\" name=\"_wpcf7_unit_tag\" value=\"wpcf7-f162-o1\" \/>\n<input type=\"hidden\" name=\"_wpcf7_container_post\" value=\"0\" \/>\n<input type=\"hidden\" name=\"_wpcf7_posted_data_hash\" value=\"\" \/>\n<\/div>\n<h3>Th\u00f4ng tin li\u00ean h\u1ec7<\/h3>\n<div class=\"form_box\">\n<div class=\"form_item\">\n<div class=\"fi_label\">H\u1ecd v\u00e0 T\u00ean<span>C\u00e1c m\u1ee5c b\u1eaft bu\u1ed9c ph\u1ea3i nh\u1eadp \u0111\u1ea7y \u0111\u1ee7:<\/span><\/div>\n<p>        <span class=\"wpcf7-form-control-wrap my_name\"><input type=\"text\" name=\"my_name\" value=\"\" size=\"40\" class=\"wpcf7-form-control wpcf7-text wpcf7-validates-as-required\" aria-required=\"true\" aria-invalid=\"false\" \/><\/span>\n    <\/p><\/div>\n<div class=\"form_item\">\n<div class=\"fi_label\">Qu\u1ed1c T\u1ecbch<span>C\u00e1c m\u1ee5c b\u1eaft bu\u1ed9c ph\u1ea3i nh\u1eadp \u0111\u1ea7y \u0111\u1ee7:<\/span><\/div>\n<p>        <span class=\"wpcf7-form-control-wrap country\"><input type=\"text\" name=\"country\" value=\"\" size=\"40\" class=\"wpcf7-form-control wpcf7-text wpcf7-validates-as-required\" aria-required=\"true\" aria-invalid=\"false\" \/><\/span>\n    <\/p><\/div>\n<div class=\"form_item\">\n<div class=\"fi_label\">Gi\u1edbi t\u00ednh<span>C\u00e1c m\u1ee5c b\u1eaft bu\u1ed9c ph\u1ea3i nh\u1eadp \u0111\u1ea7y \u0111\u1ee7:<\/span><\/div>\n<div class=\"fi_gender\">\n        <span class=\"wpcf7-form-control-wrap sex\"><span class=\"wpcf7-form-control wpcf7-radio\"><span class=\"wpcf7-list-item first\"><label><input type=\"radio\" name=\"sex\" value=\"Nam\" checked=\"checked\" \/><span class=\"wpcf7-list-item-label\">Nam<\/span><\/label><\/span><span class=\"wpcf7-list-item last\"><label><input type=\"radio\" name=\"sex\" value=\"N\u1eef\" \/><span class=\"wpcf7-list-item-label\">N\u1eef<\/span><\/label><\/span><\/span><\/span>\n        <\/div>\n<\/div>\n<div class=\"form_item\">\n<div class=\"fi_label\">\u0110\u1ecba ch\u1ec9 Email<span>C\u00e1c m\u1ee5c b\u1eaft bu\u1ed9c ph\u1ea3i nh\u1eadp \u0111\u1ea7y \u0111\u1ee7:<\/span><\/div>\n<p>        <span class=\"wpcf7-form-control-wrap email\"><input type=\"email\" name=\"email\" value=\"\" size=\"40\" class=\"wpcf7-form-control wpcf7-text wpcf7-email wpcf7-validates-as-required wpcf7-validates-as-email\" aria-required=\"true\" aria-invalid=\"false\" \/><\/span>\n    <\/p><\/div>\n<div class=\"form_item\">\n<div class=\"fi_label\">S\u1ed1 \u0111i\u1ec7n tho\u1ea1i<span>C\u00e1c m\u1ee5c b\u1eaft bu\u1ed9c ph\u1ea3i nh\u1eadp \u0111\u1ea7y \u0111\u1ee7:<\/span><\/div>\n<p>        <span class=\"wpcf7-form-control-wrap tel\"><input type=\"tel\" name=\"tel\" value=\"\" size=\"40\" class=\"wpcf7-form-control wpcf7-text wpcf7-tel wpcf7-validates-as-tel\" aria-invalid=\"false\" \/><\/span>\n    <\/p><\/div>\n<div class=\"form_item\">\n<div class=\"fi_label\">Kh\u00f3a h\u1ecdc quan t\u00e2m<span>C\u00e1c m\u1ee5c b\u1eaft bu\u1ed9c ph\u1ea3i nh\u1eadp \u0111\u1ea7y \u0111\u1ee7:<\/span><\/div>\n<div class=\"fi_select\">\n            <span class=\"wpcf7-form-control-wrap course\"><select name=\"course\" class=\"wpcf7-form-control wpcf7-select wpcf7-validates-as-required\" aria-required=\"true\" aria-invalid=\"false\"><option value=\"\">---<\/option><option value=\"Kh\u00f3a h\u1ecdc l\u00ean cao\">Kh\u00f3a h\u1ecdc l\u00ean cao<\/option><option value=\"Kh\u00f3a h\u1ecdc th\u00f4ng th\u01b0\u1eddng\">Kh\u00f3a h\u1ecdc th\u00f4ng th\u01b0\u1eddng<\/option><option value=\"Kh\u00f3a h\u1ecdc ng\u1eafn h\u1ea1n\">Kh\u00f3a h\u1ecdc ng\u1eafn h\u1ea1n<\/option><option value=\"Kh\u00f3a h\u1ecdc \u0111\u1eb7c bi\u1ec7t\">Kh\u00f3a h\u1ecdc \u0111\u1eb7c bi\u1ec7t<\/option><option value=\"Kh\u00f3a h\u1ecdc k\u00e8m c\u00e1 nh\u00e2n\">Kh\u00f3a h\u1ecdc k\u00e8m c\u00e1 nh\u00e2n<\/option><\/select><\/span>\n        <\/div>\n<\/div>\n<div class=\"form_item\">\n<div class=\"fi_label\">N\u1ed9i dung c\u1ea7n t\u01b0 v\u1ea5n<span>C\u00e1c m\u1ee5c b\u1eaft bu\u1ed9c ph\u1ea3i nh\u1eadp \u0111\u1ea7y \u0111\u1ee7:<\/span><\/div>\n<p>        <span class=\"wpcf7-form-control-wrap textarea\"><textarea name=\"textarea\" cols=\"40\" rows=\"10\" class=\"wpcf7-form-control wpcf7-textarea wpcf7-validates-as-required\" aria-required=\"true\" aria-invalid=\"false\"><\/textarea><\/span>\n    <\/p><\/div>\n<\/div>\n<div class=\"form_btn\"><input type=\"submit\" value=\"Submit\" class=\"wpcf7-form-control wpcf7-submit\" \/><\/div>\n<div class=\"wpcf7-response-output\" aria-hidden=\"true\"><\/div><\/form><\/div>\n","protected":false},"excerpt":{"rendered":"","protected":false},"author":1,"featured_media":0,"parent":103,"menu_order":17,"comment_status":"closed","ping_status":"closed","template":"","meta":[],"_links":{"self":[{"href":"https:\/\/www.edocul.com\/vi\/wp-json\/wp\/v2\/pages\/105"}],"collection":[{"href":"https:\/\/www.edocul.com\/vi\/wp-json\/wp\/v2\/pages"}],"about":[{"href":"https:\/\/www.edocul.com\/vi\/wp-json\/wp\/v2\/types\/page"}],"author":[{"embeddable":true,"href":"https:\/\/www.edocul.com\/vi\/wp-json\/wp\/v2\/users\/1"}],"replies":[{"embeddable":true,"href":"https:\/\/www.edocul.com\/vi\/wp-json\/wp\/v2\/comments?post=105"}],"version-history":[{"count":4,"href":"https:\/\/www.edocul.com\/vi\/wp-json\/wp\/v2\/pages\/105\/revisions"}],"predecessor-version":[{"id":1148,"href":"https:\/\/www.edocul.com\/vi\/wp-json\/wp\/v2\/pages\/105\/revisions\/1148"}],"up":[{"embeddable":true,"href":"https:\/\/www.edocul.com\/vi\/wp-json\/wp\/v2\/pages\/103"}],"wp:attachment":[{"href":"https:\/\/www.edocul.com\/vi\/wp-json\/wp\/v2\/media?parent=105"}],"curies":[{"name":"wp","href":"https:\/\/api.w.org\/{rel}","templated":true}]}}